{"id":1161,"date":"2014-08-06T12:14:54","date_gmt":"2014-08-06T10:14:54","guid":{"rendered":"https:\/\/www.andalusien-urlaub.eu\/blog\/?page_id=1161"},"modified":"2018-05-25T09:54:50","modified_gmt":"2018-05-25T08:54:50","slug":"datenschutzhinweis","status":"publish","type":"page","link":"https:\/\/www.andalusien-urlaub.eu\/blog\/datenschutzhinweis\/","title":{"rendered":"Datenschutzerkl\u00e4rung von ab-nach-andalusien.de"},"content":{"rendered":"<p>Wir nehmen den Schutz Ihrer pers\u00f6nlichen Daten sehr ernst und behandeln Ihre personenbezogenen Daten vertraulich und entsprechend der gesetzlichen Datenschutzvorschriften (Ley Org\u00e1nica 15\/1999 vom 13. Dezember) sowie dieser Datenschutzerkl\u00e4rung.<\/p>\n<p>Die Nutzung unserer Webseite ist in der Regel ohne Angabe personenbezogener Daten m\u00f6glich. Soweit auf unseren Seiten personenbezogene Daten (beispielsweise Name, Anschrift oder E-Mail-Adressen) erhoben werden, erfolgt dies stets auf freiwilliger Basis.<\/p>\n<p>Die G\u00fcltigkeit dieser Hinweise bezieht sich auf alle Seiten unter www.ab-nach-andalusien.de inklusive aller Subdomains und Unterordner.<\/p>\n<p>Inhaber dieser Seite ist die Firma Granada Reisen S.L. mit der Steunernummer B93298057 und unter folgender Adresse erreichbar:<\/p>\n<address>Calle Gerald Brenan 103, 3\u00ba D<br \/>\nES-29120 Alhaur\u00edn el Grande, M\u00e1laga<br \/>\nTelefon: +34.952.59.70.60<br \/>\ne-mail: mail@ab-nach-andalusien.de<\/address>\n<h2>Cookies<\/h2>\n<p>Die Internetseiten verwenden teilweise so genannte Cookies. Cookies richten auf Ihrem Rechner keinen Schaden an und enthalten keine Viren. Cookies dienen dazu, unser Angebot nutzerfreundlicher, effektiver und sicherer zu machen. Cookies sind kleine Textdateien, die auf Ihrem Rechner abgelegt werden und die Ihr Browser speichert.<\/p>\n<p>Die meisten der von uns verwendeten Cookies sind so genannte \u201eSession-Cookies\u201c. Sie werden nach Ende Ihres Besuchs automatisch gel\u00f6scht. Andere Cookies bleiben auf Ihrem Endger\u00e4t gespeichert, bis Sie diese l\u00f6schen. Diese Cookies erm\u00f6glichen es uns, Ihren Browser beim n\u00e4chsten Besuch wiederzuerkennen.<\/p>\n<p>Sie k\u00f6nnen Ihren Browser so einstellen, dass Sie \u00fcber das Setzen von Cookies informiert werden und Cookies nur im Einzelfall erlauben, die Annahme von Cookies f\u00fcr bestimmte F\u00e4lle oder generell ausschlie\u00dfen sowie das automatische L\u00f6schen der Cookies beim Schlie\u00dfen des Browser aktivieren. Bei der Deaktivierung von Cookies kann die Funktionalit\u00e4t dieser Website eingeschr\u00e4nkt sein.<\/p>\n<h2>Server-Log-Files<\/h2>\n<p>Der Provider der Seiten erhebt und speichert automatisch Informationen in so genannten Server-Log Files, die Ihr Browser automatisch an uns \u00fcbermittelt. Dies sind\u00a0Browsertyp\/ Browserversion, verwendetes Betriebssystem, Referrer URL,Hostname des zugreifenden Rechners, Uhrzeit der Serveranfrage, IP-Adresse. Diese Daten sind nicht bestimmten Personen zuordenbar. Eine Zusammenf\u00fchrung dieser Daten mit anderen Datenquellen wird nicht vorgenommen. Wir behalten uns vor, diese Daten nachtr\u00e4glich zu pr\u00fcfen, wenn uns konkrete Anhaltspunkte f\u00fcr eine rechtswidrige Nutzung bekannt werden.<\/p>\n<h2>Kommentare<\/h2>\n<p>Wenn Besucher Kommentare auf der Website schreiben, sammeln wir die Daten, die im Kommentar-Formular angezeigt werden, au\u00dferdem den User-Agent-String (damit wird der Browser identifiziert), um die Erkennung von Spam zu unterst\u00fctzen. Die Speicherung der IP-Adresse haben wir unterbunden.<\/p>\n<p>Aus deiner E-Mail-Adresse kann eine anonymisierte Zeichenfolge erstellt (auch Hash genannt) und dem Gravatar-Dienst \u00fcbergeben werden, um zu pr\u00fcfen, ob du diesen benutzt. Die Datenschutzerkl\u00e4rung des Gravatar-Dienstes findest du hier: <a href=\"https:\/\/automattic.com\/privacy\/\" target=\"_blank\" rel=\"noopener\">https:\/\/automattic.com\/privacy\/<\/a>. Nachdem dein Kommentar freigegeben wurde, ist dein Profilbild \u00f6ffentlich im Kontext deines Kommentars sichtbar.<\/p>\n<h2>Kontaktformular \/ Buchungsanfrage<\/h2>\n<p>Wenn Sie uns per Formular Anfragen zukommen lassen, werden Ihre Angaben aus dem Anfrageformular inklusive der von Ihnen dort angegebenen Kontaktdaten zwecks Bearbeitung der Anfrage und f\u00fcr den Fall von Anschlussfragen bei uns gespeichert. Diese Daten geben wir in keinem Fall weiter. Die Daten werden nach abgeschlossener Bearbeitung Ihrer Anfrage gel\u00f6scht. Hinweis: Sie k\u00f6nnen Ihre Einwilligung jederzeit f\u00fcr die Zukunft per E-Mail an uns widerrufen.<\/p>\n<h2>Newsletterdaten<\/h2>\n<p>Um den auf unserer Webseite angebotenen Newsletter zu beziehen, k\u00f6nnen Sie sich \u00fcber unser Formular anmelden. Dabei nutzen wir das sogenannte Double-Opt-In Verfahren. Hier wird zun\u00e4chst eine Best\u00e4tigungsmail an Ihre angegebene E-Mail Adresse gesendet, mit der Bitte um Best\u00e4tigung. Die Anmeldung wird erst wirksam, wenn Sie den in der Best\u00e4tigungsmail enthaltenen Aktivierungslink anklicken. Wir verwenden Ihre an uns \u00fcbertragenen Daten ausschlie\u00dflich f\u00fcr den Versand des Newsletters, in dem wir Sie \u00fcber das Erscheinen eines neuen Artikels informieren.<\/p>\n<p>Sie k\u00f6nnen Ihre Einwilligung zur Speicherung der Daten und deren Nutzung zum Newsletterversand jederzeit widerrufen, z.B. \u00fcber den Abmelde-Link im Newsletter.<\/p>\n<h2>Wie lange wir deine Daten speichern<\/h2>\n<p>Wenn du einen Kommentar schreibst, wird dieser inklusive Metadaten zeitlich unbegrenzt gespeichert. Auf diese Art k\u00f6nnen wir Folgekommentare automatisch erkennen und freigeben, anstelle sie in einer Moderations-Warteschlange festzuhalten.<\/p>\n<p>F\u00fcr Benutzer, die sich auf unserer Website registrieren, speichern wir zus\u00e4tzlich die pers\u00f6nlichen Informationen, die sie in ihren Benutzerprofilen angeben. Alle Benutzer k\u00f6nnen jederzeit ihre pers\u00f6nlichen Informationen einsehen, ver\u00e4ndern oder l\u00f6schen (der Benutzername kann nicht ver\u00e4ndert werden). Administratoren der Website k\u00f6nnen diese Informationen ebenfalls einsehen und ver\u00e4ndern.<\/p>\n<h2>Links zu anderen Webseiten<\/h2>\n<p>Unsere Webseite enth\u00e4lt Links zu weiteren Webseiten von uns und Webseiten Dritter. Wir weisen Sie darauf hin, dass diese Webseiten ihre eigenen Datenschutzrichtlinien haben und dass wir f\u00fcr die Richtlinien Dritter keine Verantwortung oder Haftung \u00fcbernehmen. Bitte \u00fcberpr\u00fcfen Sie diese Datenschutzrichtlinien, bevor Sie personenbezogenen Daten an diese Webseiten weitergeben.<\/p>\n<h2>Eingebettete Inhalte von anderen Websites<\/h2>\n<p>Beitr\u00e4ge auf dieser Website k\u00f6nnen eingebettete Inhalte beinhalten (z.\u00a0B. Videos, Bilder, Beitr\u00e4ge etc.). Eingebettete Inhalte von anderen Websites verhalten sich exakt so, als ob der Besucher die andere Website besucht h\u00e4tte.<\/p>\n<p>Diese Websites k\u00f6nnen Daten \u00fcber dich sammeln, Cookies benutzen, zus\u00e4tzliche Tracking-Dienste von Dritten einbetten und deine Interaktion mit diesem eingebetteten Inhalt aufzeichnen, inklusive deiner Interaktion mit dem eingebetteten Inhalt, falls du ein Konto hast und auf dieser Website angemeldet bist.<\/p>\n<h2>SSL-Verschl\u00fcsselung<\/h2>\n<p>Diese Seite nutzt zum Schutz der \u00dcbertragung vertraulicher Inhalte, wie zum Beispiel der Angebotsanfragen, die Sie an uns senden, eine SSL-Verschl\u00fcsselung. Eine verschl\u00fcsselte Verbindung erkennen Sie an dem Schloss-Symbol in der Adresszeile des Browsers und daran, dass die Adresse mit \u201ehttps:\/\/\u201c beginnt. Durch die SSL Verschl\u00fcsselung k\u00f6nnen die \u00fcbermittelten Daten nicht von Dritten mitgelesen werden.<\/p>\n<h2>Nutzung von Google Analytics<\/h2>\n<p>Diese Webseite nutzt <strong>keine<\/strong> Funktionen des Webanalysedienstes Google Analytics.<\/p>\n<h2>Google Maps<\/h2>\n<p>Diese Seite nutzt \u00fcber eine API den Kartendienst Google Maps. Anbieter ist die Google Inc., 1600 Amphitheatre Parkway Mountain View, CA 94043, USA. Zur Nutzung der Funktionen von Google Maps ist es notwendig, Ihre IP Adresse zu speichern. Diese Informationen werden in der Regel an einen Server von Google in den USA \u00fcbertragen und dort gespeichert. Der Anbieter dieser Seite hat keinen Einfluss auf diese Daten\u00fcbertragung. Mehr Informationen zum Umgang mit Nutzerdaten finden Sie in der Datenschutzerkl\u00e4rung von Google:\u00a0<a href=\"https:\/\/www.google.de\/intl\/de\/policies\/privacy\" target=\"_blank\" rel=\"noopener\">https:\/\/www.google.de\/intl\/de\/policies\/privacy<\/a><\/p>\n<h2>YouTube<\/h2>\n<p>Unsere Webseite nutzt Plugins der von Google betriebenen Seite YouTube. Betreiber der Seiten ist die YouTube, LLC, 901 Cherry Ave., San Bruno, CA 94066, USA. Wenn Sie eine unserer mit einem YouTube-Plugin ausgestatteten Seiten besuchen, wird eine Verbindung zu den Servern von YouTube hergestellt. Dabei wird dem Youtube-Server mitgeteilt, welche unserer Seiten Sie besucht haben. Wenn Sie in Ihrem YouTube-Account eingeloggt sind erm\u00f6glichen Sie YouTube, Ihr Surfverhalten direkt Ihrem pers\u00f6nlichen Profil zuzuordnen. Dies k\u00f6nnen Sie verhindern, indem Sie sich aus Ihrem YouTube-Account ausloggen. Weitere Informationen zum Umgang von Nutzerdaten finden Sie in der Datenschutzerkl\u00e4rung von YouTube unter:\u00a0<a href=\"https:\/\/www.google.de\/intl\/de\/policies\/privacy\" target=\"_blank\" rel=\"noopener\">https:\/\/www.google.de\/intl\/de\/policies\/privacy<\/a><\/p>\n<h2>Auskunft, L\u00f6schung, Sperrung<\/h2>\n<p>Sie haben jederzeit das Recht auf unentgeltliche Auskunft \u00fcber Ihre gespeicherten personenbezogenen Daten, deren Herkunft und Empf\u00e4nger und den Zweck der Datenverarbeitung sowie ein Recht auf Berichtigung, Sperrung oder L\u00f6schung dieser Daten. Hierzu sowie zu weiteren Fragen zum Thema personenbezogene Daten k\u00f6nnen Sie sich jederzeit unter der im Impressum angegebenen Adresse an uns wenden.<\/p>\n<h2>Widerspruch Werbe-Mails<\/h2>\n<p>Der Nutzung von im Rahmen der Impressumspflicht ver\u00f6ffentlichten Kontaktdaten zur \u00fcbersendung von nicht ausdr\u00fccklich angeforderter Werbung und Informationsmaterialien wird hiermit widersprochen. Die Betreiber der Seiten behalten sich ausdr\u00fccklich rechtliche Schritte im Falle der unverlangten Zusendung von Werbeinformationen, etwa durch Spam-E-Mails, vor.<\/p>\n","protected":false},"excerpt":{"rendered":"<p>Wir nehmen den Schutz Ihrer pers\u00f6nlichen Daten sehr ernst und behandeln Ihre personenbezogenen Daten vertraulich und entsprechend der gesetzlichen Datenschutzvorschriften (Ley Org\u00e1nica 15\/1999 vom 13. Dezember) sowie dieser Datenschutzerkl\u00e4rung. Die Nutzung unserer Webseite ist in der Regel ohne Angabe personenbezogener Daten m\u00f6glich. Soweit auf unseren Seiten personenbezogene Daten (beispielsweise Name, Anschrift oder E-Mail-Adressen) erhoben werden, [&hellip;]<\/p>\n","protected":false},"author":1,"featured_media":0,"parent":0,"menu_order":0,"comment_status":"closed","ping_status":"closed","template":"","meta":{"jetpack_post_was_ever_published":false,"footnotes":""},"class_list":["post-1161","page","type-page","status-publish","hentry"],"yoast_head":"<!-- This site is optimized with the Yoast SEO plugin v27.0 - https:\/\/yoast.com\/product\/yoast-seo-wordpress\/ -->\n<title>Datenschutzhinweis<\/title>\n<meta name=\"robots\" content=\"noindex, nofollow\" \/>\n<meta property=\"og:locale\" content=\"de_DE\" \/>\n<meta property=\"og:type\" content=\"article\" \/>\n<meta property=\"og:title\" content=\"Datenschutzhinweis\" \/>\n<meta property=\"og:description\" content=\"Wir nehmen den Schutz Ihrer pers\u00f6nlichen Daten sehr ernst und behandeln Ihre personenbezogenen Daten vertraulich und entsprechend der gesetzlichen Datenschutzvorschriften (Ley Org\u00e1nica 15\/1999 vom 13. Dezember) sowie dieser Datenschutzerkl\u00e4rung. Die Nutzung unserer Webseite ist in der Regel ohne Angabe personenbezogener Daten m\u00f6glich. Soweit auf unseren Seiten personenbezogene Daten (beispielsweise Name, Anschrift oder E-Mail-Adressen) erhoben werden, [&hellip;]\" \/>\n<meta property=\"og:url\" content=\"https:\/\/www.andalusien-urlaub.eu\/blog\/datenschutzhinweis\/\" \/>\n<meta property=\"og:site_name\" content=\"Andalusien entdecken\" \/>\n<meta property=\"article:publisher\" content=\"https:\/\/www.facebook.com\/abnachandalusien\" \/>\n<meta property=\"article:modified_time\" content=\"2018-05-25T08:54:50+00:00\" \/>\n<meta name=\"twitter:card\" content=\"summary_large_image\" \/>\n<meta name=\"twitter:site\" content=\"@granadareisen\" \/>\n<meta name=\"twitter:label1\" content=\"Gesch\u00e4tzte Lesezeit\" \/>\n\t<meta name=\"twitter:data1\" content=\"6\u00a0Minuten\" \/>\n<script type=\"application\/ld+json\" class=\"yoast-schema-graph\">{\"@context\":\"https:\/\/schema.org\",\"@graph\":[{\"@type\":\"WebPage\",\"@id\":\"https:\/\/www.andalusien-urlaub.eu\/blog\/datenschutzhinweis\/\",\"url\":\"https:\/\/www.andalusien-urlaub.eu\/blog\/datenschutzhinweis\/\",\"name\":\"Datenschutzhinweis\",\"isPartOf\":{\"@id\":\"https:\/\/www.andalusien-urlaub.eu\/blog\/#website\"},\"datePublished\":\"2014-08-06T10:14:54+00:00\",\"dateModified\":\"2018-05-25T08:54:50+00:00\",\"breadcrumb\":{\"@id\":\"https:\/\/www.andalusien-urlaub.eu\/blog\/datenschutzhinweis\/#breadcrumb\"},\"inLanguage\":\"de\",\"potentialAction\":[{\"@type\":\"ReadAction\",\"target\":[\"https:\/\/www.andalusien-urlaub.eu\/blog\/datenschutzhinweis\/\"]}]},{\"@type\":\"BreadcrumbList\",\"@id\":\"https:\/\/www.andalusien-urlaub.eu\/blog\/datenschutzhinweis\/#breadcrumb\",\"itemListElement\":[{\"@type\":\"ListItem\",\"position\":1,\"name\":\"Home\",\"item\":\"https:\/\/www.andalusien-urlaub.eu\/blog\/homepage\/\"},{\"@type\":\"ListItem\",\"position\":2,\"name\":\"Datenschutzerkl\u00e4rung von ab-nach-andalusien.de\"}]},{\"@type\":\"WebSite\",\"@id\":\"https:\/\/www.andalusien-urlaub.eu\/blog\/#website\",\"url\":\"https:\/\/www.andalusien-urlaub.eu\/blog\/\",\"name\":\"Andalusien entdecken\",\"description\":\"Auf Entdeckungsreise in Andalusien\",\"publisher\":{\"@id\":\"https:\/\/www.andalusien-urlaub.eu\/blog\/#organization\"},\"potentialAction\":[{\"@type\":\"SearchAction\",\"target\":{\"@type\":\"EntryPoint\",\"urlTemplate\":\"https:\/\/www.andalusien-urlaub.eu\/blog\/?s={search_term_string}\"},\"query-input\":{\"@type\":\"PropertyValueSpecification\",\"valueRequired\":true,\"valueName\":\"search_term_string\"}}],\"inLanguage\":\"de\"},{\"@type\":\"Organization\",\"@id\":\"https:\/\/www.andalusien-urlaub.eu\/blog\/#organization\",\"name\":\"Andalusien entdecken\",\"url\":\"https:\/\/www.andalusien-urlaub.eu\/blog\/\",\"logo\":{\"@type\":\"ImageObject\",\"inLanguage\":\"de\",\"@id\":\"https:\/\/www.andalusien-urlaub.eu\/blog\/#\/schema\/logo\/image\/\",\"url\":\"https:\/\/i2.wp.com\/www.andalusien-urlaub.eu\/blog\/wp-content\/uploads\/Logo_Final_PNG_kl.png?fit=300%2C127&ssl=1\",\"contentUrl\":\"https:\/\/i2.wp.com\/www.andalusien-urlaub.eu\/blog\/wp-content\/uploads\/Logo_Final_PNG_kl.png?fit=300%2C127&ssl=1\",\"width\":300,\"height\":127,\"caption\":\"Andalusien entdecken\"},\"image\":{\"@id\":\"https:\/\/www.andalusien-urlaub.eu\/blog\/#\/schema\/logo\/image\/\"},\"sameAs\":[\"https:\/\/www.facebook.com\/abnachandalusien\",\"https:\/\/x.com\/granadareisen\"]}]}<\/script>\n<!-- \/ Yoast SEO plugin. -->","yoast_head_json":{"title":"Datenschutzhinweis","robots":{"index":"noindex","follow":"nofollow"},"og_locale":"de_DE","og_type":"article","og_title":"Datenschutzhinweis","og_description":"Wir nehmen den Schutz Ihrer pers\u00f6nlichen Daten sehr ernst und behandeln Ihre personenbezogenen Daten vertraulich und entsprechend der gesetzlichen Datenschutzvorschriften (Ley Org\u00e1nica 15\/1999 vom 13. Dezember) sowie dieser Datenschutzerkl\u00e4rung. Die Nutzung unserer Webseite ist in der Regel ohne Angabe personenbezogener Daten m\u00f6glich. Soweit auf unseren Seiten personenbezogene Daten (beispielsweise Name, Anschrift oder E-Mail-Adressen) erhoben werden, [&hellip;]","og_url":"https:\/\/www.andalusien-urlaub.eu\/blog\/datenschutzhinweis\/","og_site_name":"Andalusien entdecken","article_publisher":"https:\/\/www.facebook.com\/abnachandalusien","article_modified_time":"2018-05-25T08:54:50+00:00","twitter_card":"summary_large_image","twitter_site":"@granadareisen","twitter_misc":{"Gesch\u00e4tzte Lesezeit":"6\u00a0Minuten"},"schema":{"@context":"https:\/\/schema.org","@graph":[{"@type":"WebPage","@id":"https:\/\/www.andalusien-urlaub.eu\/blog\/datenschutzhinweis\/","url":"https:\/\/www.andalusien-urlaub.eu\/blog\/datenschutzhinweis\/","name":"Datenschutzhinweis","isPartOf":{"@id":"https:\/\/www.andalusien-urlaub.eu\/blog\/#website"},"datePublished":"2014-08-06T10:14:54+00:00","dateModified":"2018-05-25T08:54:50+00:00","breadcrumb":{"@id":"https:\/\/www.andalusien-urlaub.eu\/blog\/datenschutzhinweis\/#breadcrumb"},"inLanguage":"de","potentialAction":[{"@type":"ReadAction","target":["https:\/\/www.andalusien-urlaub.eu\/blog\/datenschutzhinweis\/"]}]},{"@type":"BreadcrumbList","@id":"https:\/\/www.andalusien-urlaub.eu\/blog\/datenschutzhinweis\/#breadcrumb","itemListElement":[{"@type":"ListItem","position":1,"name":"Home","item":"https:\/\/www.andalusien-urlaub.eu\/blog\/homepage\/"},{"@type":"ListItem","position":2,"name":"Datenschutzerkl\u00e4rung von ab-nach-andalusien.de"}]},{"@type":"WebSite","@id":"https:\/\/www.andalusien-urlaub.eu\/blog\/#website","url":"https:\/\/www.andalusien-urlaub.eu\/blog\/","name":"Andalusien entdecken","description":"Auf Entdeckungsreise in Andalusien","publisher":{"@id":"https:\/\/www.andalusien-urlaub.eu\/blog\/#organization"},"potentialAction":[{"@type":"SearchAction","target":{"@type":"EntryPoint","urlTemplate":"https:\/\/www.andalusien-urlaub.eu\/blog\/?s={search_term_string}"},"query-input":{"@type":"PropertyValueSpecification","valueRequired":true,"valueName":"search_term_string"}}],"inLanguage":"de"},{"@type":"Organization","@id":"https:\/\/www.andalusien-urlaub.eu\/blog\/#organization","name":"Andalusien entdecken","url":"https:\/\/www.andalusien-urlaub.eu\/blog\/","logo":{"@type":"ImageObject","inLanguage":"de","@id":"https:\/\/www.andalusien-urlaub.eu\/blog\/#\/schema\/logo\/image\/","url":"https:\/\/i2.wp.com\/www.andalusien-urlaub.eu\/blog\/wp-content\/uploads\/Logo_Final_PNG_kl.png?fit=300%2C127&ssl=1","contentUrl":"https:\/\/i2.wp.com\/www.andalusien-urlaub.eu\/blog\/wp-content\/uploads\/Logo_Final_PNG_kl.png?fit=300%2C127&ssl=1","width":300,"height":127,"caption":"Andalusien entdecken"},"image":{"@id":"https:\/\/www.andalusien-urlaub.eu\/blog\/#\/schema\/logo\/image\/"},"sameAs":["https:\/\/www.facebook.com\/abnachandalusien","https:\/\/x.com\/granadareisen"]}]}},"jetpack_shortlink":"https:\/\/wp.me\/P4SCDV-iJ","jetpack_sharing_enabled":false,"_links":{"self":[{"href":"https:\/\/www.andalusien-urlaub.eu\/blog\/wp-json\/wp\/v2\/pages\/1161","targetHints":{"allow":["GET"]}}],"collection":[{"href":"https:\/\/www.andalusien-urlaub.eu\/blog\/wp-json\/wp\/v2\/pages"}],"about":[{"href":"https:\/\/www.andalusien-urlaub.eu\/blog\/wp-json\/wp\/v2\/types\/page"}],"author":[{"embeddable":true,"href":"https:\/\/www.andalusien-urlaub.eu\/blog\/wp-json\/wp\/v2\/users\/1"}],"replies":[{"embeddable":true,"href":"https:\/\/www.andalusien-urlaub.eu\/blog\/wp-json\/wp\/v2\/comments?post=1161"}],"version-history":[{"count":0,"href":"https:\/\/www.andalusien-urlaub.eu\/blog\/wp-json\/wp\/v2\/pages\/1161\/revisions"}],"wp:attachment":[{"href":"https:\/\/www.andalusien-urlaub.eu\/blog\/wp-json\/wp\/v2\/media?parent=1161"}],"curies":[{"name":"wp","href":"https:\/\/api.w.org\/{rel}","templated":true}]}}