{"id":1904,"date":"2014-08-29T18:31:28","date_gmt":"2014-08-29T16:31:28","guid":{"rendered":"https:\/\/www.andalusien-urlaub.eu\/blog\/?page_id=1904"},"modified":"2014-09-14T18:33:54","modified_gmt":"2014-09-14T16:33:54","slug":"kartenvorverkauf-koeniglich-andalusische-hofreitschule-jerez","status":"publish","type":"page","link":"https:\/\/www.andalusien-urlaub.eu\/blog\/kartenvorverkauf-koeniglich-andalusische-hofreitschule-jerez\/","title":{"rendered":"Real Escuela Andaluza del Arte Ecuestre"},"content":{"rendered":"<div id=\"attachment_1877\" style=\"width: 310px\" class=\"wp-caption alignleft\"><img data-recalc-dims=\"1\" loading=\"lazy\" decoding=\"async\" aria-describedby=\"caption-attachment-1877\" data-attachment-id=\"1877\" data-permalink=\"https:\/\/www.andalusien-urlaub.eu\/blog\/cadiz\/koenigliche-hofreitschule-jerez\/attachment\/jerez1-300x225\/\" data-orig-file=\"https:\/\/i0.wp.com\/www.andalusien-urlaub.eu\/blog\/wp-content\/uploads\/jerez1-300x225.jpg?fit=300%2C225&amp;ssl=1\" data-orig-size=\"300,225\" data-comments-opened=\"1\" data-image-meta=\"{&quot;aperture&quot;:&quot;0&quot;,&quot;credit&quot;:&quot;&quot;,&quot;camera&quot;:&quot;&quot;,&quot;caption&quot;:&quot;&quot;,&quot;created_timestamp&quot;:&quot;0&quot;,&quot;copyright&quot;:&quot;&quot;,&quot;focal_length&quot;:&quot;0&quot;,&quot;iso&quot;:&quot;0&quot;,&quot;shutter_speed&quot;:&quot;0&quot;,&quot;title&quot;:&quot;&quot;}\" data-image-title=\"jerez1-300&amp;#215;225\" data-image-description=\"\" data-image-caption=\"&lt;p&gt;K\u00f6nigliche Hofreitschule Jerez&lt;\/p&gt;\n\" data-medium-file=\"https:\/\/i0.wp.com\/www.andalusien-urlaub.eu\/blog\/wp-content\/uploads\/jerez1-300x225.jpg?fit=300%2C225&amp;ssl=1\" data-large-file=\"https:\/\/i0.wp.com\/www.andalusien-urlaub.eu\/blog\/wp-content\/uploads\/jerez1-300x225.jpg?fit=300%2C225&amp;ssl=1\" class=\"size-full wp-image-1877\" src=\"https:\/\/i0.wp.com\/www.andalusien-urlaub.eu\/blog\/wp-content\/uploads\/jerez1-300x225.jpg?resize=300%2C225&#038;ssl=1\" alt=\"K\u00f6nigliche Hofreitschule\" width=\"300\" height=\"225\" \/><p id=\"caption-attachment-1877\" class=\"wp-caption-text\">K\u00f6nigliche Hofreitschule Jerez<\/p><\/div>\n<p>Die Vorf\u00fchrung der\u00a0Real Escuela Andaluza del Arte Ecuestre in Dressurreiten &#8222;<span style=\"color: #404040;\">Como Bailan los Caballos Andaluces\u201d (Wie die andalusischen Pferde tanzen)<\/span>\u00a0beinhaltet 5 unterschiedliche Themenbereiche (Doma Vaquera <em>Arbeit der Kuhhirten<\/em>, Doma Clasica <em>Klassische Dressur<\/em>, Los Enganches <em>Gespanne<\/em>, Trabajos en la mano <em>An der Hand gef\u00fchrt<\/em> und Carrusel <em>In der Gruppe<\/em>).<\/p>\n<p><strong>Veranstaltungsort<\/strong> siehe <a title=\"K\u00f6nigliche Hofreitschule in Jerez de la Frontera\" href=\"https:\/\/www.andalusien-urlaub.eu\/blog\/cadiz\/koenigliche-hofreitschule-jerez\/\">Blogbeitrag<\/a>.<br \/>\n<strong>Veranstaltungstage<\/strong>:<br \/>\n<strong>Januar &#8211; Februar:<\/strong> Donnerstags<br \/>\n<strong>M\u00e4rz bis Juli:<\/strong> Dienstags, Donnerstags<br \/>\n<strong>August &#8211; Septembe<\/strong>r<strong>:<\/strong>\u00a0Dienstags, Donnerstags, Freitags<br \/>\n<strong>Oktober &#8211; Dezember:<\/strong>\u00a0Dienstags, Donnerstags<\/p>\n<p>Die Veranstaltung beginnt um 12:00 Uhr, Dauer ca. 90 Minuten. Die im Vorverkauf erstandenen Karten werden gegen Vorlage der Reservierungsbest\u00e4tigung am selben Tag an der Hauptkasse ab 9:30 Uhr.<\/p>\n<p>Nach positiver \u00dcberpr\u00fcfung der Verf\u00fcgbarkeit erh\u00e4ltst Du eine Zahlungsaufvorderung mit weiteren Informationen von <a title=\"Granada Reisen\" href=\"https:\/\/www.andalusien-urlaub.eu\/kontakt.php\" target=\"_blank\">Granada Reisen S.L.<\/a><\/p>\n<h2>Kartenvorverkauf (Buchungsanfrage)<\/h2>\n<p>[contact-form-7 id=&#8220;1903&#8243; title=&#8220;Real Escuela Andaluza del Arte Ecuestre&#8220;]<\/p>\n<h4>Hotel-Tipp<\/h4>\n<hr \/>\n<p><a title=\"Hotel Los Jandalos buchen\" href=\"http:\/\/www.hotel.de\/Hotel\/Detail?h_hmid=174729&amp;han=3679046&amp;lng=DE\" target=\"_blank\" rel=\"nofollow\"><img data-recalc-dims=\"1\" loading=\"lazy\" decoding=\"async\" data-attachment-id=\"1859\" data-permalink=\"https:\/\/www.andalusien-urlaub.eu\/blog\/cadiz\/koenigliche-hofreitschule-jerez\/attachment\/los_jandalos\/\" data-orig-file=\"https:\/\/i0.wp.com\/www.andalusien-urlaub.eu\/blog\/wp-content\/uploads\/los_jandalos.jpg?fit=121%2C100&amp;ssl=1\" data-orig-size=\"121,100\" data-comments-opened=\"1\" data-image-meta=\"{&quot;aperture&quot;:&quot;0&quot;,&quot;credit&quot;:&quot;&quot;,&quot;camera&quot;:&quot;&quot;,&quot;caption&quot;:&quot;&quot;,&quot;created_timestamp&quot;:&quot;0&quot;,&quot;copyright&quot;:&quot;&quot;,&quot;focal_length&quot;:&quot;0&quot;,&quot;iso&quot;:&quot;0&quot;,&quot;shutter_speed&quot;:&quot;0&quot;,&quot;title&quot;:&quot;&quot;}\" data-image-title=\"los_jandalos\" data-image-description=\"\" data-image-caption=\"&lt;p&gt;Hotel Los Jandalos Jerez&lt;\/p&gt;\n\" data-medium-file=\"https:\/\/i0.wp.com\/www.andalusien-urlaub.eu\/blog\/wp-content\/uploads\/los_jandalos.jpg?fit=121%2C100&amp;ssl=1\" data-large-file=\"https:\/\/i0.wp.com\/www.andalusien-urlaub.eu\/blog\/wp-content\/uploads\/los_jandalos.jpg?fit=121%2C100&amp;ssl=1\" class=\"alignleft wp-image-1859 size-full\" src=\"https:\/\/i0.wp.com\/www.andalusien-urlaub.eu\/blog\/wp-content\/uploads\/los_jandalos.jpg?resize=121%2C100&#038;ssl=1\" alt=\"Los Jandalos Jerez\" width=\"121\" height=\"100\" \/><\/a><span style=\"color: #020231;\">Das\u00a0<\/span><b style=\"color: #020231;\">Hotel Los Jandalos<\/b><span style=\"color: #020231;\">\u00a0liegt im Herzen der Stadt Jerez de la Frontera. Vom Hotel erreicht\u00a0Ihr die wichtigsten Sherry-Bodegas oder die Real Escuela Andaluza del Arte Ecuestre (K\u00f6nigliche Hofreitschule) bequem zu Fuss. <a title=\"Hotel Los Jandalos buchen\" href=\"http:\/\/www.hotel.de\/Hotel\/Detail?h_hmid=174729&amp;han=3679046&amp;lng=DE\" target=\"_blank\" rel=\"nofollow\">Preise und Verf\u00fcgbarkeit pr\u00fcfen<\/a>.<\/span><\/p>\n","protected":false},"excerpt":{"rendered":"<p>Die Vorf\u00fchrung der\u00a0Real Escuela Andaluza del Arte Ecuestre in Dressurreiten &#8222;Como Bailan los Caballos Andaluces\u201d (Wie die andalusischen Pferde tanzen)\u00a0beinhaltet 5 unterschiedliche Themenbereiche (Doma Vaquera Arbeit der Kuhhirten, Doma Clasica Klassische Dressur, Los Enganches Gespanne, Trabajos en la mano An der Hand gef\u00fchrt und Carrusel In der Gruppe). Veranstaltungsort siehe Blogbeitrag. Veranstaltungstage: Januar &#8211; Februar: [&hellip;]<\/p>\n","protected":false},"author":1,"featured_media":1192,"parent":0,"menu_order":0,"comment_status":"closed","ping_status":"closed","template":"page_formular.php","meta":{"jetpack_post_was_ever_published":false,"footnotes":""},"class_list":["post-1904","page","type-page","status-publish","has-post-thumbnail","hentry"],"yoast_head":"<!-- This site is optimized with the Yoast SEO plugin v27.0 - https:\/\/yoast.com\/product\/yoast-seo-wordpress\/ -->\n<title>Kartenvorverkauf Real Escuela Andaluza del Arte Ecuestre<\/title>\n<meta name=\"description\" content=\"Kartenvorverkauf f\u00fcr die K\u00f6niglich Andalusische Reitschule in Jerez de la Frontera.\" \/>\n<meta name=\"robots\" content=\"index, follow, max-snippet:-1, max-image-preview:large, max-video-preview:-1\" \/>\n<link rel=\"canonical\" href=\"https:\/\/www.andalusien-urlaub.eu\/blog\/kartenvorverkauf-koeniglich-andalusische-hofreitschule-jerez\/\" \/>\n<meta property=\"og:locale\" content=\"de_DE\" \/>\n<meta property=\"og:type\" content=\"article\" \/>\n<meta property=\"og:title\" content=\"Kartenvorverkauf Real Escuela Andaluza del Arte Ecuestre\" \/>\n<meta property=\"og:description\" content=\"Kartenvorverkauf f\u00fcr die K\u00f6niglich Andalusische Reitschule in Jerez de la Frontera.\" \/>\n<meta property=\"og:url\" content=\"https:\/\/www.andalusien-urlaub.eu\/blog\/kartenvorverkauf-koeniglich-andalusische-hofreitschule-jerez\/\" \/>\n<meta property=\"og:site_name\" content=\"Andalusien entdecken\" \/>\n<meta property=\"article:publisher\" content=\"https:\/\/www.facebook.com\/abnachandalusien\" \/>\n<meta property=\"article:modified_time\" content=\"2014-09-14T16:33:54+00:00\" \/>\n<meta property=\"og:image\" content=\"https:\/\/i0.wp.com\/www.andalusien-urlaub.eu\/blog\/wp-content\/uploads\/2014\/08\/hofreitschule.jpg?fit=390%2C261&ssl=1\" \/>\n\t<meta property=\"og:image:width\" content=\"390\" \/>\n\t<meta property=\"og:image:height\" content=\"261\" \/>\n\t<meta property=\"og:image:type\" content=\"image\/jpeg\" \/>\n<meta name=\"twitter:card\" content=\"summary_large_image\" \/>\n<meta name=\"twitter:site\" content=\"@granadareisen\" \/>\n<meta name=\"twitter:label1\" content=\"Gesch\u00e4tzte Lesezeit\" \/>\n\t<meta name=\"twitter:data1\" content=\"1\u00a0Minute\" \/>\n<script type=\"application\/ld+json\" class=\"yoast-schema-graph\">{\"@context\":\"https:\/\/schema.org\",\"@graph\":[{\"@type\":\"WebPage\",\"@id\":\"https:\/\/www.andalusien-urlaub.eu\/blog\/kartenvorverkauf-koeniglich-andalusische-hofreitschule-jerez\/\",\"url\":\"https:\/\/www.andalusien-urlaub.eu\/blog\/kartenvorverkauf-koeniglich-andalusische-hofreitschule-jerez\/\",\"name\":\"Kartenvorverkauf Real Escuela Andaluza del Arte Ecuestre\",\"isPartOf\":{\"@id\":\"https:\/\/www.andalusien-urlaub.eu\/blog\/#website\"},\"primaryImageOfPage\":{\"@id\":\"https:\/\/www.andalusien-urlaub.eu\/blog\/kartenvorverkauf-koeniglich-andalusische-hofreitschule-jerez\/#primaryimage\"},\"image\":{\"@id\":\"https:\/\/www.andalusien-urlaub.eu\/blog\/kartenvorverkauf-koeniglich-andalusische-hofreitschule-jerez\/#primaryimage\"},\"thumbnailUrl\":\"https:\/\/i0.wp.com\/www.andalusien-urlaub.eu\/blog\/wp-content\/uploads\/2014\/08\/hofreitschule.jpg?fit=390%2C261&ssl=1\",\"datePublished\":\"2014-08-29T16:31:28+00:00\",\"dateModified\":\"2014-09-14T16:33:54+00:00\",\"description\":\"Kartenvorverkauf f\u00fcr die K\u00f6niglich Andalusische Reitschule in Jerez de la Frontera.\",\"breadcrumb\":{\"@id\":\"https:\/\/www.andalusien-urlaub.eu\/blog\/kartenvorverkauf-koeniglich-andalusische-hofreitschule-jerez\/#breadcrumb\"},\"inLanguage\":\"de\",\"potentialAction\":[{\"@type\":\"ReadAction\",\"target\":[\"https:\/\/www.andalusien-urlaub.eu\/blog\/kartenvorverkauf-koeniglich-andalusische-hofreitschule-jerez\/\"]}]},{\"@type\":\"ImageObject\",\"inLanguage\":\"de\",\"@id\":\"https:\/\/www.andalusien-urlaub.eu\/blog\/kartenvorverkauf-koeniglich-andalusische-hofreitschule-jerez\/#primaryimage\",\"url\":\"https:\/\/i0.wp.com\/www.andalusien-urlaub.eu\/blog\/wp-content\/uploads\/2014\/08\/hofreitschule.jpg?fit=390%2C261&ssl=1\",\"contentUrl\":\"https:\/\/i0.wp.com\/www.andalusien-urlaub.eu\/blog\/wp-content\/uploads\/2014\/08\/hofreitschule.jpg?fit=390%2C261&ssl=1\",\"width\":390,\"height\":261,\"caption\":\"Real Escuela Andaluza del Arte Ecuestre\"},{\"@type\":\"BreadcrumbList\",\"@id\":\"https:\/\/www.andalusien-urlaub.eu\/blog\/kartenvorverkauf-koeniglich-andalusische-hofreitschule-jerez\/#breadcrumb\",\"itemListElement\":[{\"@type\":\"ListItem\",\"position\":1,\"name\":\"Home\",\"item\":\"https:\/\/www.andalusien-urlaub.eu\/blog\/homepage\/\"},{\"@type\":\"ListItem\",\"position\":2,\"name\":\"Real Escuela Andaluza del Arte Ecuestre\"}]},{\"@type\":\"WebSite\",\"@id\":\"https:\/\/www.andalusien-urlaub.eu\/blog\/#website\",\"url\":\"https:\/\/www.andalusien-urlaub.eu\/blog\/\",\"name\":\"Andalusien entdecken\",\"description\":\"Auf Entdeckungsreise in Andalusien\",\"publisher\":{\"@id\":\"https:\/\/www.andalusien-urlaub.eu\/blog\/#organization\"},\"potentialAction\":[{\"@type\":\"SearchAction\",\"target\":{\"@type\":\"EntryPoint\",\"urlTemplate\":\"https:\/\/www.andalusien-urlaub.eu\/blog\/?s={search_term_string}\"},\"query-input\":{\"@type\":\"PropertyValueSpecification\",\"valueRequired\":true,\"valueName\":\"search_term_string\"}}],\"inLanguage\":\"de\"},{\"@type\":\"Organization\",\"@id\":\"https:\/\/www.andalusien-urlaub.eu\/blog\/#organization\",\"name\":\"Andalusien entdecken\",\"url\":\"https:\/\/www.andalusien-urlaub.eu\/blog\/\",\"logo\":{\"@type\":\"ImageObject\",\"inLanguage\":\"de\",\"@id\":\"https:\/\/www.andalusien-urlaub.eu\/blog\/#\/schema\/logo\/image\/\",\"url\":\"https:\/\/i2.wp.com\/www.andalusien-urlaub.eu\/blog\/wp-content\/uploads\/Logo_Final_PNG_kl.png?fit=300%2C127&ssl=1\",\"contentUrl\":\"https:\/\/i2.wp.com\/www.andalusien-urlaub.eu\/blog\/wp-content\/uploads\/Logo_Final_PNG_kl.png?fit=300%2C127&ssl=1\",\"width\":300,\"height\":127,\"caption\":\"Andalusien entdecken\"},\"image\":{\"@id\":\"https:\/\/www.andalusien-urlaub.eu\/blog\/#\/schema\/logo\/image\/\"},\"sameAs\":[\"https:\/\/www.facebook.com\/abnachandalusien\",\"https:\/\/x.com\/granadareisen\"]}]}<\/script>\n<!-- \/ Yoast SEO plugin. -->","yoast_head_json":{"title":"Kartenvorverkauf Real Escuela Andaluza del Arte Ecuestre","description":"Kartenvorverkauf f\u00fcr die K\u00f6niglich Andalusische Reitschule in Jerez de la Frontera.","robots":{"index":"index","follow":"follow","max-snippet":"max-snippet:-1","max-image-preview":"max-image-preview:large","max-video-preview":"max-video-preview:-1"},"canonical":"https:\/\/www.andalusien-urlaub.eu\/blog\/kartenvorverkauf-koeniglich-andalusische-hofreitschule-jerez\/","og_locale":"de_DE","og_type":"article","og_title":"Kartenvorverkauf Real Escuela Andaluza del Arte Ecuestre","og_description":"Kartenvorverkauf f\u00fcr die K\u00f6niglich Andalusische Reitschule in Jerez de la Frontera.","og_url":"https:\/\/www.andalusien-urlaub.eu\/blog\/kartenvorverkauf-koeniglich-andalusische-hofreitschule-jerez\/","og_site_name":"Andalusien entdecken","article_publisher":"https:\/\/www.facebook.com\/abnachandalusien","article_modified_time":"2014-09-14T16:33:54+00:00","og_image":[{"width":390,"height":261,"url":"https:\/\/i0.wp.com\/www.andalusien-urlaub.eu\/blog\/wp-content\/uploads\/2014\/08\/hofreitschule.jpg?fit=390%2C261&ssl=1","type":"image\/jpeg"}],"twitter_card":"summary_large_image","twitter_site":"@granadareisen","twitter_misc":{"Gesch\u00e4tzte Lesezeit":"1\u00a0Minute"},"schema":{"@context":"https:\/\/schema.org","@graph":[{"@type":"WebPage","@id":"https:\/\/www.andalusien-urlaub.eu\/blog\/kartenvorverkauf-koeniglich-andalusische-hofreitschule-jerez\/","url":"https:\/\/www.andalusien-urlaub.eu\/blog\/kartenvorverkauf-koeniglich-andalusische-hofreitschule-jerez\/","name":"Kartenvorverkauf Real Escuela Andaluza del Arte Ecuestre","isPartOf":{"@id":"https:\/\/www.andalusien-urlaub.eu\/blog\/#website"},"primaryImageOfPage":{"@id":"https:\/\/www.andalusien-urlaub.eu\/blog\/kartenvorverkauf-koeniglich-andalusische-hofreitschule-jerez\/#primaryimage"},"image":{"@id":"https:\/\/www.andalusien-urlaub.eu\/blog\/kartenvorverkauf-koeniglich-andalusische-hofreitschule-jerez\/#primaryimage"},"thumbnailUrl":"https:\/\/i0.wp.com\/www.andalusien-urlaub.eu\/blog\/wp-content\/uploads\/2014\/08\/hofreitschule.jpg?fit=390%2C261&ssl=1","datePublished":"2014-08-29T16:31:28+00:00","dateModified":"2014-09-14T16:33:54+00:00","description":"Kartenvorverkauf f\u00fcr die K\u00f6niglich Andalusische Reitschule in Jerez de la Frontera.","breadcrumb":{"@id":"https:\/\/www.andalusien-urlaub.eu\/blog\/kartenvorverkauf-koeniglich-andalusische-hofreitschule-jerez\/#breadcrumb"},"inLanguage":"de","potentialAction":[{"@type":"ReadAction","target":["https:\/\/www.andalusien-urlaub.eu\/blog\/kartenvorverkauf-koeniglich-andalusische-hofreitschule-jerez\/"]}]},{"@type":"ImageObject","inLanguage":"de","@id":"https:\/\/www.andalusien-urlaub.eu\/blog\/kartenvorverkauf-koeniglich-andalusische-hofreitschule-jerez\/#primaryimage","url":"https:\/\/i0.wp.com\/www.andalusien-urlaub.eu\/blog\/wp-content\/uploads\/2014\/08\/hofreitschule.jpg?fit=390%2C261&ssl=1","contentUrl":"https:\/\/i0.wp.com\/www.andalusien-urlaub.eu\/blog\/wp-content\/uploads\/2014\/08\/hofreitschule.jpg?fit=390%2C261&ssl=1","width":390,"height":261,"caption":"Real Escuela Andaluza del Arte Ecuestre"},{"@type":"BreadcrumbList","@id":"https:\/\/www.andalusien-urlaub.eu\/blog\/kartenvorverkauf-koeniglich-andalusische-hofreitschule-jerez\/#breadcrumb","itemListElement":[{"@type":"ListItem","position":1,"name":"Home","item":"https:\/\/www.andalusien-urlaub.eu\/blog\/homepage\/"},{"@type":"ListItem","position":2,"name":"Real Escuela Andaluza del Arte Ecuestre"}]},{"@type":"WebSite","@id":"https:\/\/www.andalusien-urlaub.eu\/blog\/#website","url":"https:\/\/www.andalusien-urlaub.eu\/blog\/","name":"Andalusien entdecken","description":"Auf Entdeckungsreise in Andalusien","publisher":{"@id":"https:\/\/www.andalusien-urlaub.eu\/blog\/#organization"},"potentialAction":[{"@type":"SearchAction","target":{"@type":"EntryPoint","urlTemplate":"https:\/\/www.andalusien-urlaub.eu\/blog\/?s={search_term_string}"},"query-input":{"@type":"PropertyValueSpecification","valueRequired":true,"valueName":"search_term_string"}}],"inLanguage":"de"},{"@type":"Organization","@id":"https:\/\/www.andalusien-urlaub.eu\/blog\/#organization","name":"Andalusien entdecken","url":"https:\/\/www.andalusien-urlaub.eu\/blog\/","logo":{"@type":"ImageObject","inLanguage":"de","@id":"https:\/\/www.andalusien-urlaub.eu\/blog\/#\/schema\/logo\/image\/","url":"https:\/\/i2.wp.com\/www.andalusien-urlaub.eu\/blog\/wp-content\/uploads\/Logo_Final_PNG_kl.png?fit=300%2C127&ssl=1","contentUrl":"https:\/\/i2.wp.com\/www.andalusien-urlaub.eu\/blog\/wp-content\/uploads\/Logo_Final_PNG_kl.png?fit=300%2C127&ssl=1","width":300,"height":127,"caption":"Andalusien entdecken"},"image":{"@id":"https:\/\/www.andalusien-urlaub.eu\/blog\/#\/schema\/logo\/image\/"},"sameAs":["https:\/\/www.facebook.com\/abnachandalusien","https:\/\/x.com\/granadareisen"]}]}},"jetpack_shortlink":"https:\/\/wp.me\/P4SCDV-uI","jetpack_sharing_enabled":true,"_links":{"self":[{"href":"https:\/\/www.andalusien-urlaub.eu\/blog\/wp-json\/wp\/v2\/pages\/1904","targetHints":{"allow":["GET"]}}],"collection":[{"href":"https:\/\/www.andalusien-urlaub.eu\/blog\/wp-json\/wp\/v2\/pages"}],"about":[{"href":"https:\/\/www.andalusien-urlaub.eu\/blog\/wp-json\/wp\/v2\/types\/page"}],"author":[{"embeddable":true,"href":"https:\/\/www.andalusien-urlaub.eu\/blog\/wp-json\/wp\/v2\/users\/1"}],"replies":[{"embeddable":true,"href":"https:\/\/www.andalusien-urlaub.eu\/blog\/wp-json\/wp\/v2\/comments?post=1904"}],"version-history":[{"count":0,"href":"https:\/\/www.andalusien-urlaub.eu\/blog\/wp-json\/wp\/v2\/pages\/1904\/revisions"}],"wp:featuredmedia":[{"embeddable":true,"href":"https:\/\/www.andalusien-urlaub.eu\/blog\/wp-json\/wp\/v2\/media\/1192"}],"wp:attachment":[{"href":"https:\/\/www.andalusien-urlaub.eu\/blog\/wp-json\/wp\/v2\/media?parent=1904"}],"curies":[{"name":"wp","href":"https:\/\/api.w.org\/{rel}","templated":true}]}}