{"id":2318,"date":"2014-09-25T16:56:17","date_gmt":"2014-09-25T14:56:17","guid":{"rendered":"https:\/\/www.andalusien-urlaub.eu\/blog\/?page_id=2318"},"modified":"2014-10-06T13:36:22","modified_gmt":"2014-10-06T11:36:22","slug":"gastautoren","status":"publish","type":"page","link":"https:\/\/www.andalusien-urlaub.eu\/blog\/gastautoren\/","title":{"rendered":"Gastautoren"},"content":{"rendered":"<h2>Gastautor werden<\/h2>\n<p>Artikel von Gastautoren (Lesern oder andere Bloggern) sind grunds\u00e4tzlich willkommen, wenn Sie den unten genannten Anforderungen entsprechen.<\/p>\n<p>Anforderungen an Gastartikel:<\/p>\n<ul class=\"liste\">\n<li>hochwertige Artikel mit Mehrwert f\u00fcr die Leser<\/li>\n<li>Ein konkretes Thema mit pers\u00f6nlichem Bezug (z.B. pers\u00f6nlicher Reisebericht, besonderes Event, dass du besucht hast, ein besonderes Erlebnis &#8230; in Andalusien) tiefer gehend behandeln. Nicht nur oberfl\u00e4chlich etwas anrei\u00dfen.<\/li>\n<li>mindestens 600 W\u00f6rter<\/li>\n<li>keine Eigenwerbung f\u00fcr eigene Projekte, Website, Produkte etc. \u2013 h\u00f6chstens als kurzes Beispiel<\/li>\n<li>Einzigartig = Artikel d\u00fcrfen weder bisher irgendwo erschienen sein, noch sp\u00e4ter woanders erscheinen<\/li>\n<li>1-2 nofollow-Backlinks sind im Artikel erlaubt<\/li>\n<li>Die Artikel sollten mit Einleitung, Zwischen\u00fcberschriften und Abschlussfazit gut strukturiert sein.<\/li>\n<\/ul>\n<p>Thematisch sollte es sich bei Gastartikel-Vorschl\u00e4gen um Themen drehen, die hier im Blog behandelt werden: Locations, Sehensw\u00fcrdigkeiten, Erlebnisse oder Erfahrungen in Andalusien.<\/p>\n<h2>Dein\u00a0Vorteil<\/h2>\n<p>Durch einen Gastartikel kannst Du\u00a0den direkten Traffic auf Deinen\u00a0Blog erh\u00f6hen und gewinnst eventuell den ein oder anderen Stammleser dazu. Du hast die M\u00f6glichkeit, Dich und Deinen Blog in Deinem Artikel kurz vorzustellen und darauf zu verlinken\u00a0(nofollow).<\/p>\n<p>\u00dcber das <a title=\"Wer schreibt hier?\" href=\"https:\/\/www.andalusien-urlaub.eu\/blog\/about\/\">Kontaktformular<\/a> kannst Du mir gerne\u00a0Deinen Vorschlag f\u00fcr einen Artikel kurz vorstellen.<\/p>\n","protected":false},"excerpt":{"rendered":"<p>Gastautor werden Artikel von Gastautoren (Lesern oder andere Bloggern) sind grunds\u00e4tzlich willkommen, wenn Sie den unten genannten Anforderungen entsprechen. Anforderungen an Gastartikel: hochwertige Artikel mit Mehrwert f\u00fcr die Leser Ein konkretes Thema mit pers\u00f6nlichem Bezug (z.B. pers\u00f6nlicher Reisebericht, besonderes Event, dass du besucht hast, ein besonderes Erlebnis &#8230; in Andalusien) tiefer gehend behandeln. Nicht nur [&hellip;]<\/p>\n","protected":false},"author":1,"featured_media":0,"parent":0,"menu_order":0,"comment_status":"closed","ping_status":"closed","template":"","meta":{"jetpack_post_was_ever_published":false,"footnotes":""},"class_list":["post-2318","page","type-page","status-publish","hentry"],"yoast_head":"<!-- This site is optimized with the Yoast SEO plugin v27.0 - https:\/\/yoast.com\/product\/yoast-seo-wordpress\/ -->\n<title>Gastautoren auf ab-nach-Andalusien.de<\/title>\n<meta name=\"description\" content=\"Grunds\u00e4tzlich sind Artikel von Gastautoren (Leser oder andere Blogger) willkommen. Nicht erw\u00fcnscht sind Artikel vom Marketing-Agenturen.\" \/>\n<meta name=\"robots\" content=\"index, follow, max-snippet:-1, max-image-preview:large, max-video-preview:-1\" \/>\n<link rel=\"canonical\" href=\"https:\/\/www.andalusien-urlaub.eu\/blog\/gastautoren\/\" \/>\n<meta property=\"og:locale\" content=\"de_DE\" \/>\n<meta property=\"og:type\" content=\"article\" \/>\n<meta property=\"og:title\" content=\"Gastautoren auf ab-nach-Andalusien.de\" \/>\n<meta property=\"og:description\" content=\"Grunds\u00e4tzlich sind Artikel von Gastautoren (Leser oder andere Blogger) willkommen. Nicht erw\u00fcnscht sind Artikel vom Marketing-Agenturen.\" \/>\n<meta property=\"og:url\" content=\"https:\/\/www.andalusien-urlaub.eu\/blog\/gastautoren\/\" \/>\n<meta property=\"og:site_name\" content=\"Andalusien entdecken\" \/>\n<meta property=\"article:publisher\" content=\"https:\/\/www.facebook.com\/abnachandalusien\" \/>\n<meta property=\"article:modified_time\" content=\"2014-10-06T11:36:22+00:00\" \/>\n<meta name=\"twitter:card\" content=\"summary_large_image\" \/>\n<meta name=\"twitter:site\" content=\"@granadareisen\" \/>\n<meta name=\"twitter:label1\" content=\"Gesch\u00e4tzte Lesezeit\" \/>\n\t<meta name=\"twitter:data1\" content=\"1\u00a0Minute\" \/>\n<script type=\"application\/ld+json\" class=\"yoast-schema-graph\">{\"@context\":\"https:\/\/schema.org\",\"@graph\":[{\"@type\":\"WebPage\",\"@id\":\"https:\/\/www.andalusien-urlaub.eu\/blog\/gastautoren\/\",\"url\":\"https:\/\/www.andalusien-urlaub.eu\/blog\/gastautoren\/\",\"name\":\"Gastautoren auf ab-nach-Andalusien.de\",\"isPartOf\":{\"@id\":\"https:\/\/www.andalusien-urlaub.eu\/blog\/#website\"},\"datePublished\":\"2014-09-25T14:56:17+00:00\",\"dateModified\":\"2014-10-06T11:36:22+00:00\",\"description\":\"Grunds\u00e4tzlich sind Artikel von Gastautoren (Leser oder andere Blogger) willkommen. Nicht erw\u00fcnscht sind Artikel vom Marketing-Agenturen.\",\"breadcrumb\":{\"@id\":\"https:\/\/www.andalusien-urlaub.eu\/blog\/gastautoren\/#breadcrumb\"},\"inLanguage\":\"de\",\"potentialAction\":[{\"@type\":\"ReadAction\",\"target\":[\"https:\/\/www.andalusien-urlaub.eu\/blog\/gastautoren\/\"]}]},{\"@type\":\"BreadcrumbList\",\"@id\":\"https:\/\/www.andalusien-urlaub.eu\/blog\/gastautoren\/#breadcrumb\",\"itemListElement\":[{\"@type\":\"ListItem\",\"position\":1,\"name\":\"Home\",\"item\":\"https:\/\/www.andalusien-urlaub.eu\/blog\/homepage\/\"},{\"@type\":\"ListItem\",\"position\":2,\"name\":\"Gastautoren\"}]},{\"@type\":\"WebSite\",\"@id\":\"https:\/\/www.andalusien-urlaub.eu\/blog\/#website\",\"url\":\"https:\/\/www.andalusien-urlaub.eu\/blog\/\",\"name\":\"Andalusien entdecken\",\"description\":\"Auf Entdeckungsreise in Andalusien\",\"publisher\":{\"@id\":\"https:\/\/www.andalusien-urlaub.eu\/blog\/#organization\"},\"potentialAction\":[{\"@type\":\"SearchAction\",\"target\":{\"@type\":\"EntryPoint\",\"urlTemplate\":\"https:\/\/www.andalusien-urlaub.eu\/blog\/?s={search_term_string}\"},\"query-input\":{\"@type\":\"PropertyValueSpecification\",\"valueRequired\":true,\"valueName\":\"search_term_string\"}}],\"inLanguage\":\"de\"},{\"@type\":\"Organization\",\"@id\":\"https:\/\/www.andalusien-urlaub.eu\/blog\/#organization\",\"name\":\"Andalusien entdecken\",\"url\":\"https:\/\/www.andalusien-urlaub.eu\/blog\/\",\"logo\":{\"@type\":\"ImageObject\",\"inLanguage\":\"de\",\"@id\":\"https:\/\/www.andalusien-urlaub.eu\/blog\/#\/schema\/logo\/image\/\",\"url\":\"https:\/\/i2.wp.com\/www.andalusien-urlaub.eu\/blog\/wp-content\/uploads\/Logo_Final_PNG_kl.png?fit=300%2C127&ssl=1\",\"contentUrl\":\"https:\/\/i2.wp.com\/www.andalusien-urlaub.eu\/blog\/wp-content\/uploads\/Logo_Final_PNG_kl.png?fit=300%2C127&ssl=1\",\"width\":300,\"height\":127,\"caption\":\"Andalusien entdecken\"},\"image\":{\"@id\":\"https:\/\/www.andalusien-urlaub.eu\/blog\/#\/schema\/logo\/image\/\"},\"sameAs\":[\"https:\/\/www.facebook.com\/abnachandalusien\",\"https:\/\/x.com\/granadareisen\"]}]}<\/script>\n<!-- \/ Yoast SEO plugin. -->","yoast_head_json":{"title":"Gastautoren auf ab-nach-Andalusien.de","description":"Grunds\u00e4tzlich sind Artikel von Gastautoren (Leser oder andere Blogger) willkommen. Nicht erw\u00fcnscht sind Artikel vom Marketing-Agenturen.","robots":{"index":"index","follow":"follow","max-snippet":"max-snippet:-1","max-image-preview":"max-image-preview:large","max-video-preview":"max-video-preview:-1"},"canonical":"https:\/\/www.andalusien-urlaub.eu\/blog\/gastautoren\/","og_locale":"de_DE","og_type":"article","og_title":"Gastautoren auf ab-nach-Andalusien.de","og_description":"Grunds\u00e4tzlich sind Artikel von Gastautoren (Leser oder andere Blogger) willkommen. Nicht erw\u00fcnscht sind Artikel vom Marketing-Agenturen.","og_url":"https:\/\/www.andalusien-urlaub.eu\/blog\/gastautoren\/","og_site_name":"Andalusien entdecken","article_publisher":"https:\/\/www.facebook.com\/abnachandalusien","article_modified_time":"2014-10-06T11:36:22+00:00","twitter_card":"summary_large_image","twitter_site":"@granadareisen","twitter_misc":{"Gesch\u00e4tzte Lesezeit":"1\u00a0Minute"},"schema":{"@context":"https:\/\/schema.org","@graph":[{"@type":"WebPage","@id":"https:\/\/www.andalusien-urlaub.eu\/blog\/gastautoren\/","url":"https:\/\/www.andalusien-urlaub.eu\/blog\/gastautoren\/","name":"Gastautoren auf ab-nach-Andalusien.de","isPartOf":{"@id":"https:\/\/www.andalusien-urlaub.eu\/blog\/#website"},"datePublished":"2014-09-25T14:56:17+00:00","dateModified":"2014-10-06T11:36:22+00:00","description":"Grunds\u00e4tzlich sind Artikel von Gastautoren (Leser oder andere Blogger) willkommen. Nicht erw\u00fcnscht sind Artikel vom Marketing-Agenturen.","breadcrumb":{"@id":"https:\/\/www.andalusien-urlaub.eu\/blog\/gastautoren\/#breadcrumb"},"inLanguage":"de","potentialAction":[{"@type":"ReadAction","target":["https:\/\/www.andalusien-urlaub.eu\/blog\/gastautoren\/"]}]},{"@type":"BreadcrumbList","@id":"https:\/\/www.andalusien-urlaub.eu\/blog\/gastautoren\/#breadcrumb","itemListElement":[{"@type":"ListItem","position":1,"name":"Home","item":"https:\/\/www.andalusien-urlaub.eu\/blog\/homepage\/"},{"@type":"ListItem","position":2,"name":"Gastautoren"}]},{"@type":"WebSite","@id":"https:\/\/www.andalusien-urlaub.eu\/blog\/#website","url":"https:\/\/www.andalusien-urlaub.eu\/blog\/","name":"Andalusien entdecken","description":"Auf Entdeckungsreise in Andalusien","publisher":{"@id":"https:\/\/www.andalusien-urlaub.eu\/blog\/#organization"},"potentialAction":[{"@type":"SearchAction","target":{"@type":"EntryPoint","urlTemplate":"https:\/\/www.andalusien-urlaub.eu\/blog\/?s={search_term_string}"},"query-input":{"@type":"PropertyValueSpecification","valueRequired":true,"valueName":"search_term_string"}}],"inLanguage":"de"},{"@type":"Organization","@id":"https:\/\/www.andalusien-urlaub.eu\/blog\/#organization","name":"Andalusien entdecken","url":"https:\/\/www.andalusien-urlaub.eu\/blog\/","logo":{"@type":"ImageObject","inLanguage":"de","@id":"https:\/\/www.andalusien-urlaub.eu\/blog\/#\/schema\/logo\/image\/","url":"https:\/\/i2.wp.com\/www.andalusien-urlaub.eu\/blog\/wp-content\/uploads\/Logo_Final_PNG_kl.png?fit=300%2C127&ssl=1","contentUrl":"https:\/\/i2.wp.com\/www.andalusien-urlaub.eu\/blog\/wp-content\/uploads\/Logo_Final_PNG_kl.png?fit=300%2C127&ssl=1","width":300,"height":127,"caption":"Andalusien entdecken"},"image":{"@id":"https:\/\/www.andalusien-urlaub.eu\/blog\/#\/schema\/logo\/image\/"},"sameAs":["https:\/\/www.facebook.com\/abnachandalusien","https:\/\/x.com\/granadareisen"]}]}},"jetpack_shortlink":"https:\/\/wp.me\/P4SCDV-Bo","jetpack_sharing_enabled":true,"_links":{"self":[{"href":"https:\/\/www.andalusien-urlaub.eu\/blog\/wp-json\/wp\/v2\/pages\/2318","targetHints":{"allow":["GET"]}}],"collection":[{"href":"https:\/\/www.andalusien-urlaub.eu\/blog\/wp-json\/wp\/v2\/pages"}],"about":[{"href":"https:\/\/www.andalusien-urlaub.eu\/blog\/wp-json\/wp\/v2\/types\/page"}],"author":[{"embeddable":true,"href":"https:\/\/www.andalusien-urlaub.eu\/blog\/wp-json\/wp\/v2\/users\/1"}],"replies":[{"embeddable":true,"href":"https:\/\/www.andalusien-urlaub.eu\/blog\/wp-json\/wp\/v2\/comments?post=2318"}],"version-history":[{"count":0,"href":"https:\/\/www.andalusien-urlaub.eu\/blog\/wp-json\/wp\/v2\/pages\/2318\/revisions"}],"wp:attachment":[{"href":"https:\/\/www.andalusien-urlaub.eu\/blog\/wp-json\/wp\/v2\/media?parent=2318"}],"curies":[{"name":"wp","href":"https:\/\/api.w.org\/{rel}","templated":true}]}}